{"id":346,"date":"2023-03-01T15:05:51","date_gmt":"2023-03-01T14:05:51","guid":{"rendered":"https:\/\/relaxroom.at\/news\/"},"modified":"2023-03-01T15:05:51","modified_gmt":"2023-03-01T14:05:51","slug":"news","status":"publish","type":"page","link":"https:\/\/relaxroom.at\/en\/news\/","title":{"rendered":"NEWS"},"content":{"rendered":"\t\t<div data-elementor-type=\"wp-page\" data-elementor-id=\"346\" class=\"elementor elementor-346\" data-elementor-post-type=\"page\">\n\t\t\t\t\t\t<section class=\"elementor-section elementor-top-section elementor-element elementor-element-addcc7c elementor-section-height-min-height elementor-section-boxed elementor-section-height-default elementor-section-items-middle\" data-id=\"addcc7c\" data-element_type=\"section\" data-settings=\"{&quot;background_background&quot;:&quot;classic&quot;}\">\n\t\t\t\t\t\t\t<div class=\"elementor-background-overlay\"><\/div>\n\t\t\t\t\t\t\t<div class=\"elementor-container elementor-column-gap-default\">\n\t\t\t\t\t<div class=\"elementor-column elementor-col-100 elementor-top-column elementor-element elementor-element-671c2913\" data-id=\"671c2913\" data-element_type=\"column\">\n\t\t\t<div class=\"elementor-widget-wrap elementor-element-populated\">\n\t\t\t\t\t\t<div class=\"elementor-element elementor-element-2443ab45 elementor-hidden-tablet elementor-hidden-mobile elementor-widget elementor-widget-heading\" data-id=\"2443ab45\" data-element_type=\"widget\" data-widget_type=\"heading.default\">\n\t\t\t\t<div class=\"elementor-widget-container\">\n\t\t\t<h1 class=\"elementor-heading-title elementor-size-default\">NEWS.ROOM<\/h1>\t\t<\/div>\n\t\t\t\t<\/div>\n\t\t\t\t<div class=\"elementor-element elementor-element-2d55306 elementor-hidden-desktop elementor-widget elementor-widget-heading\" data-id=\"2d55306\" data-element_type=\"widget\" data-widget_type=\"heading.default\">\n\t\t\t\t<div class=\"elementor-widget-container\">\n\t\t\t<h1 class=\"elementor-heading-title elementor-size-default\">NEWS\n.ROOM<\/h1>\t\t<\/div>\n\t\t\t\t<\/div>\n\t\t\t\t<div class=\"elementor-element elementor-element-19903d86 elementor-widget-divider--view-line elementor-widget elementor-widget-divider\" data-id=\"19903d86\" data-element_type=\"widget\" data-widget_type=\"divider.default\">\n\t\t\t\t<div class=\"elementor-widget-container\">\n\t\t\t\t\t<div class=\"elementor-divider\">\n\t\t\t<span class=\"elementor-divider-separator\">\n\t\t\t\t\t\t<\/span>\n\t\t<\/div>\n\t\t\t\t<\/div>\n\t\t\t\t<\/div>\n\t\t\t\t\t<\/div>\n\t\t<\/div>\n\t\t\t\t\t<\/div>\n\t\t<\/section>\n\t\t\t\t<section class=\"elementor-section elementor-top-section elementor-element elementor-element-77363174 elementor-section-boxed elementor-section-height-default elementor-section-height-default\" data-id=\"77363174\" data-element_type=\"section\" data-settings=\"{&quot;background_background&quot;:&quot;classic&quot;}\">\n\t\t\t\t\t\t<div class=\"elementor-container elementor-column-gap-default\">\n\t\t\t\t\t<div class=\"elementor-column elementor-col-100 elementor-top-column elementor-element elementor-element-497abd44\" data-id=\"497abd44\" data-element_type=\"column\">\n\t\t\t<div class=\"elementor-widget-wrap elementor-element-populated\">\n\t\t\t\t\t\t<div class=\"elementor-element elementor-element-dbb3ea premium-blog-align-left elementor-widget elementor-widget-premium-addon-blog\" data-id=\"dbb3ea\" data-element_type=\"widget\" data-settings=\"{&quot;force_height&quot;:&quot;true&quot;,&quot;premium_blog_grid&quot;:&quot;yes&quot;,&quot;premium_blog_layout&quot;:&quot;even&quot;,&quot;premium_blog_columns_number&quot;:&quot;50%&quot;,&quot;premium_blog_columns_number_tablet&quot;:&quot;50%&quot;,&quot;premium_blog_columns_number_mobile&quot;:&quot;100%&quot;}\" data-widget_type=\"premium-addon-blog.default\">\n\t\t\t\t<div class=\"elementor-widget-container\">\n\t\t\t\n\t\t\t\t<div class=\"premium-blog-wrap  premium-blog-even\" data-page=\"346\">\n\t\t\t\t\t<div class=\"premium-blog-post-outer-container\" data-total=\"2\">\r\n\t\t\t<div class=\"premium-blog-post-container premium-blog-skin-banner\">\r\n\t\t\t\t\t\t\t\t\t<div class=\"premium-blog-thumb-effect-wrapper\">\r\n\t\t\t\t\t\t<div class=\"premium-blog-thumbnail-container premium-blog-bright-effect\">\r\n\t\t\t\t\t\t\t<img fetchpriority=\"high\" decoding=\"async\" width=\"2000\" height=\"1331\" src=\"https:\/\/relaxroom.at\/wp-content\/uploads\/2023\/03\/RelaxRooom_EVITA-119.jpg\" class=\"attachment-full size-full wp-image-334\" alt=\"\" srcset=\"https:\/\/relaxroom.at\/wp-content\/uploads\/2023\/03\/RelaxRooom_EVITA-119.jpg 2000w, https:\/\/relaxroom.at\/wp-content\/uploads\/2023\/03\/RelaxRooom_EVITA-119-300x200.jpg 300w, https:\/\/relaxroom.at\/wp-content\/uploads\/2023\/03\/RelaxRooom_EVITA-119-1024x681.jpg 1024w, https:\/\/relaxroom.at\/wp-content\/uploads\/2023\/03\/RelaxRooom_EVITA-119-768x511.jpg 768w, https:\/\/relaxroom.at\/wp-content\/uploads\/2023\/03\/RelaxRooom_EVITA-119-1536x1022.jpg 1536w, https:\/\/relaxroom.at\/wp-content\/uploads\/2023\/03\/RelaxRooom_EVITA-119-600x399.jpg 600w\" sizes=\"(max-width: 2000px) 100vw, 2000px\" \/>\t\t\t\t\t\t<\/div>\r\n\t\t\t\t\t\t\t\t\t\t\t\t\t<div class=\"premium-blog-thumbnail-overlay\">\r\n\t\t\t\t\t\t\t\t<a class=\"elementor-icon\" href=\"https:\/\/relaxroom.at\/en\/book-me-booking-massages-is-now-even-easier\/\" target=\"_self\" aria-hidden=\"true\"><span>Book me. Booking massages is now even easier.<\/span><\/a>\r\n\t\t\t\t\t\t\t<\/div>\r\n\r\n\t\t\t\t\t\t\t\t\t\t\t\t\t\t\t\t\t\t<\/div>\r\n\t\t\t\t\t\t\t\t\t\t\t\t<div class=\"premium-blog-content-wrapper \">\r\n\r\n\t\t\t\t\t<div class=\"premium-blog-inner-container\">\r\n\r\n\t\t\t\t\t\t\t\t\t\t\t\t\t\t<h3 class=\"premium-blog-entry-title\">\r\n\t\t\t<a href=\"https:\/\/relaxroom.at\/en\/book-me-booking-massages-is-now-even-easier\/\" target=\"_self\">\r\n\t\t\t\tBook me. Booking massages is now even easier.\t\t\t<\/a>\r\n\t\t<\/h3>\r\n\t\t\t\t<div class=\"premium-blog-entry-meta\">\r\n\t\t\t\r\n\t\t\t\t\t\t\t<span class=\"premium-blog-meta-separator\">\u2022<\/span>\r\n\t\t\t\t<div class=\"premium-blog-post-time premium-blog-meta-data\">\r\n\t\t\t\t\t<i class=\"fa fa-calendar-alt\" aria-hidden=\"true\"><\/i>\r\n\t\t\t\t\t<span>1. March 2023<\/span>\r\n\t\t\t\t<\/div>\r\n\t\t\t\r\n\t\t\t\r\n\t\t\t\t\t<\/div>\r\n\t\t\r\n\t\t\t\t\t<\/div>\r\n\r\n\t\t\t\t\t\t\t<div class=\"premium-blog-content-inner-wrapper\">\r\n\t\t<p class=\"premium-blog-post-content\">Book and pay online. If you don't have time to make an appointment for a relaxing, classic massage on-site, you can now do so from the comfort of anywhere. Just click through our webshop and the first step to your best massage is done.\n\nBasically, we clearly recommend online booking for the pure massage experience for all our clients. Simply book online and leave our studio completely relaxed.<\/p>\t\t<\/div>\r\n\t\t\t\t\t\t\t\r\n\t\t\t\t<\/div>\r\n\t\t\t<\/div>\r\n\t\t<\/div>\r\n\r\n\t\t\t\t<div class=\"premium-blog-post-outer-container\" data-total=\"2\">\r\n\t\t\t<div class=\"premium-blog-post-container premium-blog-skin-banner\">\r\n\t\t\t\t\t\t\t\t\t<div class=\"premium-blog-thumb-effect-wrapper\">\r\n\t\t\t\t\t\t<div class=\"premium-blog-thumbnail-container premium-blog-bright-effect\">\r\n\t\t\t\t\t\t\t<img decoding=\"async\" width=\"2254\" height=\"1500\" src=\"https:\/\/relaxroom.at\/wp-content\/uploads\/2023\/03\/RelaxRooom_EVITA-59.jpg\" class=\"attachment-full size-full wp-image-326\" alt=\"\" srcset=\"https:\/\/relaxroom.at\/wp-content\/uploads\/2023\/03\/RelaxRooom_EVITA-59.jpg 2254w, https:\/\/relaxroom.at\/wp-content\/uploads\/2023\/03\/RelaxRooom_EVITA-59-300x200.jpg 300w, https:\/\/relaxroom.at\/wp-content\/uploads\/2023\/03\/RelaxRooom_EVITA-59-1024x681.jpg 1024w, https:\/\/relaxroom.at\/wp-content\/uploads\/2023\/03\/RelaxRooom_EVITA-59-768x511.jpg 768w, https:\/\/relaxroom.at\/wp-content\/uploads\/2023\/03\/RelaxRooom_EVITA-59-1536x1022.jpg 1536w, https:\/\/relaxroom.at\/wp-content\/uploads\/2023\/03\/RelaxRooom_EVITA-59-2048x1363.jpg 2048w, https:\/\/relaxroom.at\/wp-content\/uploads\/2023\/03\/RelaxRooom_EVITA-59-600x399.jpg 600w\" sizes=\"(max-width: 2254px) 100vw, 2254px\" \/>\t\t\t\t\t\t<\/div>\r\n\t\t\t\t\t\t\t\t\t\t\t\t\t<div class=\"premium-blog-thumbnail-overlay\">\r\n\t\t\t\t\t\t\t\t<a class=\"elementor-icon\" href=\"https:\/\/relaxroom.at\/en\/massages-on-point-directly-in-innsbruck\/\" target=\"_self\" aria-hidden=\"true\"><span>Massages on Point. Directly in Innsbruck.<\/span><\/a>\r\n\t\t\t\t\t\t\t<\/div>\r\n\r\n\t\t\t\t\t\t\t\t\t\t\t\t\t\t\t\t\t\t<\/div>\r\n\t\t\t\t\t\t\t\t\t\t\t\t<div class=\"premium-blog-content-wrapper \">\r\n\r\n\t\t\t\t\t<div class=\"premium-blog-inner-container\">\r\n\r\n\t\t\t\t\t\t\t\t\t\t\t\t\t\t<h3 class=\"premium-blog-entry-title\">\r\n\t\t\t<a href=\"https:\/\/relaxroom.at\/en\/massages-on-point-directly-in-innsbruck\/\" target=\"_self\">\r\n\t\t\t\tMassages on Point. Directly in Innsbruck.\t\t\t<\/a>\r\n\t\t<\/h3>\r\n\t\t\t\t<div class=\"premium-blog-entry-meta\">\r\n\t\t\t\r\n\t\t\t\t\t\t\t<span class=\"premium-blog-meta-separator\">\u2022<\/span>\r\n\t\t\t\t<div class=\"premium-blog-post-time premium-blog-meta-data\">\r\n\t\t\t\t\t<i class=\"fa fa-calendar-alt\" aria-hidden=\"true\"><\/i>\r\n\t\t\t\t\t<span>1. March 2023<\/span>\r\n\t\t\t\t<\/div>\r\n\t\t\t\r\n\t\t\t\r\n\t\t\t\t\t<\/div>\r\n\t\t\r\n\t\t\t\t\t<\/div>\r\n\r\n\t\t\t\t\t\t\t<div class=\"premium-blog-content-inner-wrapper\">\r\n\t\t<p class=\"premium-blog-post-content\">Whether you live in Innsbruck or are just visiting - the RELAXROOM is always the right address for your relaxation and well-being. We also warmly welcome tourists to our studio. For our loyal customers we regularly offer special deals for their visit. Follow us on social media and stay up-to-date.<\/p>\t\t<\/div>\r\n\t\t\t\t\t\t\t\r\n\t\t\t\t<\/div>\r\n\t\t\t<\/div>\r\n\t\t<\/div>\r\n\r\n\t\t\t\t<\/div>\n\n\t\t\t\t<\/div>\n\t\t\t\t<\/div>\n\t\t\t\t\t<\/div>\n\t\t<\/div>\n\t\t\t\t\t<\/div>\n\t\t<\/section>\n\t\t\t\t<section class=\"elementor-section elementor-top-section elementor-element elementor-element-4922314f elementor-section-boxed elementor-section-height-default elementor-section-height-default\" data-id=\"4922314f\" data-element_type=\"section\" data-settings=\"{&quot;background_background&quot;:&quot;classic&quot;}\">\n\t\t\t\t\t\t<div class=\"elementor-container elementor-column-gap-default\">\n\t\t\t\t\t<div class=\"elementor-column elementor-col-100 elementor-top-column elementor-element elementor-element-1ead8a0b\" data-id=\"1ead8a0b\" data-element_type=\"column\">\n\t\t\t<div class=\"elementor-widget-wrap elementor-element-populated\">\n\t\t\t\t\t\t<div class=\"elementor-element elementor-element-34d55f35 premium-blog-align-left elementor-widget elementor-widget-premium-addon-blog\" data-id=\"34d55f35\" data-element_type=\"widget\" data-settings=\"{&quot;premium_blog_columns_number&quot;:&quot;33.33%&quot;,&quot;premium_blog_grid&quot;:&quot;yes&quot;,&quot;premium_blog_layout&quot;:&quot;even&quot;,&quot;premium_blog_columns_number_tablet&quot;:&quot;50%&quot;,&quot;premium_blog_columns_number_mobile&quot;:&quot;100%&quot;,&quot;scroll_to_offset&quot;:&quot;yes&quot;}\" data-widget_type=\"premium-addon-blog.default\">\n\t\t\t\t<div class=\"elementor-widget-container\">\n\t\t\t\n\t\t\t\t<div class=\"premium-blog-wrap  premium-blog-even\" data-page=\"346\">\n\t\t\t\t\t<div class=\"premium-blog-post-outer-container\" data-total=\"1\">\r\n\t\t\t<div class=\"premium-blog-post-container premium-blog-skin-classic\">\r\n\t\t\t\t\t\t\t\t\t<div class=\"premium-blog-thumb-effect-wrapper\">\r\n\t\t\t\t\t\t<div class=\"premium-blog-thumbnail-container premium-blog-bright-effect\">\r\n\t\t\t\t\t\t\t<img decoding=\"async\" width=\"2560\" height=\"1703\" src=\"https:\/\/relaxroom.at\/wp-content\/uploads\/2023\/03\/RelaxRooom_EVITA-118-scaled.jpg\" class=\"attachment-full size-full wp-image-330\" alt=\"\" srcset=\"https:\/\/relaxroom.at\/wp-content\/uploads\/2023\/03\/RelaxRooom_EVITA-118-scaled.jpg 2560w, https:\/\/relaxroom.at\/wp-content\/uploads\/2023\/03\/RelaxRooom_EVITA-118-300x200.jpg 300w, https:\/\/relaxroom.at\/wp-content\/uploads\/2023\/03\/RelaxRooom_EVITA-118-1024x681.jpg 1024w, https:\/\/relaxroom.at\/wp-content\/uploads\/2023\/03\/RelaxRooom_EVITA-118-768x511.jpg 768w, https:\/\/relaxroom.at\/wp-content\/uploads\/2023\/03\/RelaxRooom_EVITA-118-1536x1022.jpg 1536w, https:\/\/relaxroom.at\/wp-content\/uploads\/2023\/03\/RelaxRooom_EVITA-118-2048x1363.jpg 2048w, https:\/\/relaxroom.at\/wp-content\/uploads\/2023\/03\/RelaxRooom_EVITA-118-600x399.jpg 600w\" sizes=\"(max-width: 2560px) 100vw, 2560px\" \/>\t\t\t\t\t\t<\/div>\r\n\t\t\t\t\t\t\t\t\t\t\t\t\t<div class=\"premium-blog-thumbnail-overlay\">\r\n\t\t\t\t\t\t\t\t<a class=\"elementor-icon\" href=\"https:\/\/relaxroom.at\/en\/we-relaxed-up-this-is-the-new-relaxroom\/\" target=\"_self\" aria-hidden=\"true\"><span>We relaxed up &#8211; This is the new Relaxroom.<\/span><\/a>\r\n\t\t\t\t\t\t\t<\/div>\r\n\r\n\t\t\t\t\t\t\t\t\t\t\t\t\t\t\t\t\t\t<\/div>\r\n\t\t\t\t\t\t\t\t\t\t\t\t<div class=\"premium-blog-content-wrapper \">\r\n\r\n\t\t\t\t\t<div class=\"premium-blog-inner-container\">\r\n\r\n\t\t\t\t\t\t\t\t\t\t\t\t\t\t<h3 class=\"premium-blog-entry-title\">\r\n\t\t\t<a href=\"https:\/\/relaxroom.at\/en\/we-relaxed-up-this-is-the-new-relaxroom\/\" target=\"_self\">\r\n\t\t\t\tWe relaxed up &#8211; This is the new Relaxroom.\t\t\t<\/a>\r\n\t\t<\/h3>\r\n\t\t\t\t<div class=\"premium-blog-entry-meta\">\r\n\t\t\t\r\n\t\t\t\t\t\t\t<span class=\"premium-blog-meta-separator\">\u2022<\/span>\r\n\t\t\t\t<div class=\"premium-blog-post-time premium-blog-meta-data\">\r\n\t\t\t\t\t<i class=\"fa fa-calendar-alt\" aria-hidden=\"true\"><\/i>\r\n\t\t\t\t\t<span>1. March 2023<\/span>\r\n\t\t\t\t<\/div>\r\n\t\t\t\r\n\t\t\t\r\n\t\t\t\t\t<\/div>\r\n\t\t\r\n\t\t\t\t\t<\/div>\r\n\r\n\t\t\t\t\t\t\t<div class=\"premium-blog-content-inner-wrapper\">\r\n\t\t<p class=\"premium-blog-post-content\">Competent, individual and uncomplicated. This is the new RELAXROOM. Trained in traditional (healing) massage and innovative massage techniques, our therapists revitalize both mind and spirit. Real and pure. We don't care about fancy shit, but instead focus on what does the body the best. We treat you with premium oil or skin-friendly lotion (for particularly sensitive skin) and take enough time to discuss your personal feelings in a preliminary consultation. So that you can leave the RELAXROOM completely relaxed, you can also book your massage online in advance and pay for it right there. For a feeling of relaxation that lasts.<\/p>\t\t<\/div>\r\n\t\t\t\t\t\t\t\r\n\t\t\t\t<\/div>\r\n\t\t\t<\/div>\r\n\t\t<\/div>\r\n\r\n\t\t\t\t<\/div>\n\n\t\t\t\t<\/div>\n\t\t\t\t<\/div>\n\t\t\t\t\t<\/div>\n\t\t<\/div>\n\t\t\t\t\t<\/div>\n\t\t<\/section>\n\t\t\t\t<\/div>\n\t\t","protected":false},"excerpt":{"rendered":"<p>NEWS.ROOM NEWS .ROOM Book me. Massagen buchen ist jetzt noch easier. \u2022 1. M\u00e4rz 2023 Online buchen und bezahlen. Wenn Du keine Zeit hast, einen Termin f\u00fcr eine entspannende, klassische Massage vor Ort auszumachen, kannst Du das ab sofort auch bequem von \u00fcberall aus erledigen. Klicke Dich einfach durch unseren Webshop und schon ist der [&hellip;]<\/p>\n","protected":false},"author":1,"featured_media":0,"parent":0,"menu_order":0,"comment_status":"closed","ping_status":"closed","template":"elementor_header_footer","meta":{"footnotes":""},"class_list":["post-346","page","type-page","status-publish","hentry"],"yoast_head":"<!-- This site is optimized with the Yoast SEO plugin v24.0 - https:\/\/yoast.com\/wordpress\/plugins\/seo\/ -->\n<title>NEWS - RELAXROOM<\/title>\n<meta name=\"robots\" content=\"index, follow, max-snippet:-1, max-image-preview:large, max-video-preview:-1\" \/>\n<link rel=\"canonical\" href=\"https:\/\/relaxroom.at\/news\/\" \/>\n<meta property=\"og:locale\" content=\"en_US\" \/>\n<meta property=\"og:type\" content=\"article\" \/>\n<meta property=\"og:title\" content=\"NEWS - RELAXROOM\" \/>\n<meta property=\"og:description\" content=\"NEWS.ROOM NEWS .ROOM Book me. Massagen buchen ist jetzt noch easier. \u2022 1. M\u00e4rz 2023 Online buchen und bezahlen. Wenn Du keine Zeit hast, einen Termin f\u00fcr eine entspannende, klassische Massage vor Ort auszumachen, kannst Du das ab sofort auch bequem von \u00fcberall aus erledigen. Klicke Dich einfach durch unseren Webshop und schon ist der [&hellip;]\" \/>\n<meta property=\"og:url\" content=\"https:\/\/relaxroom.at\/news\/\" \/>\n<meta property=\"og:site_name\" content=\"RELAXROOM\" \/>\n<meta property=\"og:image\" content=\"https:\/\/relaxroom.at\/wp-content\/uploads\/2023\/03\/RelaxRooom_EVITA-119.jpg\" \/>\n<meta name=\"twitter:card\" content=\"summary_large_image\" \/>\n<meta name=\"twitter:label1\" content=\"Est. reading time\" \/>\n\t<meta name=\"twitter:data1\" content=\"1 minute\" \/>\n<script type=\"application\/ld+json\" class=\"yoast-schema-graph\">{\"@context\":\"https:\/\/schema.org\",\"@graph\":[{\"@type\":\"WebPage\",\"@id\":\"https:\/\/relaxroom.at\/news\/\",\"url\":\"https:\/\/relaxroom.at\/news\/\",\"name\":\"NEWS - RELAXROOM\",\"isPartOf\":{\"@id\":\"https:\/\/relaxroom.at\/#website\"},\"primaryImageOfPage\":{\"@id\":\"https:\/\/relaxroom.at\/news\/#primaryimage\"},\"image\":{\"@id\":\"https:\/\/relaxroom.at\/news\/#primaryimage\"},\"thumbnailUrl\":\"https:\/\/relaxroom.at\/wp-content\/uploads\/2023\/03\/RelaxRooom_EVITA-119.jpg\",\"datePublished\":\"2023-03-01T14:05:51+00:00\",\"dateModified\":\"2023-03-01T14:05:51+00:00\",\"breadcrumb\":{\"@id\":\"https:\/\/relaxroom.at\/news\/#breadcrumb\"},\"inLanguage\":\"en-US\",\"potentialAction\":[{\"@type\":\"ReadAction\",\"target\":[\"https:\/\/relaxroom.at\/news\/\"]}]},{\"@type\":\"ImageObject\",\"inLanguage\":\"en-US\",\"@id\":\"https:\/\/relaxroom.at\/news\/#primaryimage\",\"url\":\"https:\/\/relaxroom.at\/wp-content\/uploads\/2023\/03\/RelaxRooom_EVITA-119.jpg\",\"contentUrl\":\"https:\/\/relaxroom.at\/wp-content\/uploads\/2023\/03\/RelaxRooom_EVITA-119.jpg\"},{\"@type\":\"BreadcrumbList\",\"@id\":\"https:\/\/relaxroom.at\/news\/#breadcrumb\",\"itemListElement\":[{\"@type\":\"ListItem\",\"position\":1,\"name\":\"Startseite\",\"item\":\"https:\/\/relaxroom.at\/en\/\"},{\"@type\":\"ListItem\",\"position\":2,\"name\":\"NEWS\"}]},{\"@type\":\"WebSite\",\"@id\":\"https:\/\/relaxroom.at\/#website\",\"url\":\"https:\/\/relaxroom.at\/\",\"name\":\"RELAXROOM\",\"description\":\"Massagen &amp; Behandlungen\",\"potentialAction\":[{\"@type\":\"SearchAction\",\"target\":{\"@type\":\"EntryPoint\",\"urlTemplate\":\"https:\/\/relaxroom.at\/?s={search_term_string}\"},\"query-input\":{\"@type\":\"PropertyValueSpecification\",\"valueRequired\":true,\"valueName\":\"search_term_string\"}}],\"inLanguage\":\"en-US\"}]}<\/script>\n<!-- \/ Yoast SEO plugin. -->","yoast_head_json":{"title":"NEWS - RELAXROOM","robots":{"index":"index","follow":"follow","max-snippet":"max-snippet:-1","max-image-preview":"max-image-preview:large","max-video-preview":"max-video-preview:-1"},"canonical":"https:\/\/relaxroom.at\/news\/","og_locale":"en_US","og_type":"article","og_title":"NEWS - RELAXROOM","og_description":"NEWS.ROOM NEWS .ROOM Book me. Massagen buchen ist jetzt noch easier. \u2022 1. M\u00e4rz 2023 Online buchen und bezahlen. Wenn Du keine Zeit hast, einen Termin f\u00fcr eine entspannende, klassische Massage vor Ort auszumachen, kannst Du das ab sofort auch bequem von \u00fcberall aus erledigen. Klicke Dich einfach durch unseren Webshop und schon ist der [&hellip;]","og_url":"https:\/\/relaxroom.at\/news\/","og_site_name":"RELAXROOM","og_image":[{"url":"https:\/\/relaxroom.at\/wp-content\/uploads\/2023\/03\/RelaxRooom_EVITA-119.jpg","type":"","width":"","height":""}],"twitter_card":"summary_large_image","twitter_misc":{"Est. reading time":"1 minute"},"schema":{"@context":"https:\/\/schema.org","@graph":[{"@type":"WebPage","@id":"https:\/\/relaxroom.at\/news\/","url":"https:\/\/relaxroom.at\/news\/","name":"NEWS - RELAXROOM","isPartOf":{"@id":"https:\/\/relaxroom.at\/#website"},"primaryImageOfPage":{"@id":"https:\/\/relaxroom.at\/news\/#primaryimage"},"image":{"@id":"https:\/\/relaxroom.at\/news\/#primaryimage"},"thumbnailUrl":"https:\/\/relaxroom.at\/wp-content\/uploads\/2023\/03\/RelaxRooom_EVITA-119.jpg","datePublished":"2023-03-01T14:05:51+00:00","dateModified":"2023-03-01T14:05:51+00:00","breadcrumb":{"@id":"https:\/\/relaxroom.at\/news\/#breadcrumb"},"inLanguage":"en-US","potentialAction":[{"@type":"ReadAction","target":["https:\/\/relaxroom.at\/news\/"]}]},{"@type":"ImageObject","inLanguage":"en-US","@id":"https:\/\/relaxroom.at\/news\/#primaryimage","url":"https:\/\/relaxroom.at\/wp-content\/uploads\/2023\/03\/RelaxRooom_EVITA-119.jpg","contentUrl":"https:\/\/relaxroom.at\/wp-content\/uploads\/2023\/03\/RelaxRooom_EVITA-119.jpg"},{"@type":"BreadcrumbList","@id":"https:\/\/relaxroom.at\/news\/#breadcrumb","itemListElement":[{"@type":"ListItem","position":1,"name":"Startseite","item":"https:\/\/relaxroom.at\/en\/"},{"@type":"ListItem","position":2,"name":"NEWS"}]},{"@type":"WebSite","@id":"https:\/\/relaxroom.at\/#website","url":"https:\/\/relaxroom.at\/","name":"RELAXROOM","description":"Massagen &amp; Behandlungen","potentialAction":[{"@type":"SearchAction","target":{"@type":"EntryPoint","urlTemplate":"https:\/\/relaxroom.at\/?s={search_term_string}"},"query-input":{"@type":"PropertyValueSpecification","valueRequired":true,"valueName":"search_term_string"}}],"inLanguage":"en-US"}]}},"_links":{"self":[{"href":"https:\/\/relaxroom.at\/en\/wp-json\/wp\/v2\/pages\/346","targetHints":{"allow":["GET"]}}],"collection":[{"href":"https:\/\/relaxroom.at\/en\/wp-json\/wp\/v2\/pages"}],"about":[{"href":"https:\/\/relaxroom.at\/en\/wp-json\/wp\/v2\/types\/page"}],"author":[{"embeddable":true,"href":"https:\/\/relaxroom.at\/en\/wp-json\/wp\/v2\/users\/1"}],"replies":[{"embeddable":true,"href":"https:\/\/relaxroom.at\/en\/wp-json\/wp\/v2\/comments?post=346"}],"version-history":[{"count":0,"href":"https:\/\/relaxroom.at\/en\/wp-json\/wp\/v2\/pages\/346\/revisions"}],"wp:attachment":[{"href":"https:\/\/relaxroom.at\/en\/wp-json\/wp\/v2\/media?parent=346"}],"curies":[{"name":"wp","href":"https:\/\/api.w.org\/{rel}","templated":true}]}}